{"id":10,"date":"2017-08-09T19:27:06","date_gmt":"2017-08-09T17:27:06","guid":{"rendered":"https:\/\/testkontor2.wordpress.com\/?page_id=3"},"modified":"2024-03-07T11:24:47","modified_gmt":"2024-03-07T11:24:47","slug":"kontakt","status":"publish","type":"page","link":"https:\/\/kartenkontor.hamburg\/?page_id=10","title":{"rendered":"Kontakt"},"content":{"rendered":"<p>Zu unseren \u00d6ffnungszeiten k\u00f6nnt ihr nat\u00fcrlich gern einfach vorbeikommen. Wenn ihr einen Termin ausserhalb dieser Zeiten vereinbaren m\u00f6chtet, schickt uns gern eine mail oder ruft uns an. Wir sind auch vor 15 Uhr und nach 18 Uhr gerne f\u00fcr euch da.<\/p>\n<p><!--more--><\/p>\n<div>Montag:\u00a0nach telefonischer Vereinbarung<\/div>\n<div>Dienstags: 15 -18 Uhr<\/div>\n<div>Mittwochs: 15 &#8211; 18 Uhr<\/div>\n<div>Donnertags: 15 &#8211; 18 Uhr<\/div>\n<div>Freitags: 15 &#8211; 18 Uhr<\/div>\n<p>Samstags: 11 &#8211; 15 Uhr<\/p>\n<div class=\"confit-address\">Ludolfstrasse 42<br \/>\n20249 Hamburg<\/div>\n<div class=\"confit-hours\">Festnetz: 040 &#8211; 87 97 33 11<\/div>\n<div class=\"confit-hours\">Mobil: 0151 &#8211; 22 17 80 29<\/div>\n<div class=\"confit-hours\">Mail: info@kartenkontor.hamburg<\/div>\n<div><\/div>\n<div>\u00b7\u00b7\u00b7\u00b7\u00b7\u00b7\u00b7\u00b7\u00b7\u00b7\u00b7\u00b7\u00b7\u00b7\u00b7\u00b7\u00b7\u00b7\u00b7\u00b7\u00b7\u00b7\u00b7<\/div>\n<div><\/div>\n\n<div class=\"wpcf7 no-js\" id=\"wpcf7-f667-o1\" lang=\"de-DE\" dir=\"ltr\" data-wpcf7-id=\"667\">\n<div class=\"screen-reader-response\"><p role=\"status\" aria-live=\"polite\" aria-atomic=\"true\"><\/p> <ul><\/ul><\/div>\n<form action=\"\/index.php?rest_route=%2Fwp%2Fv2%2Fpages%2F10#wpcf7-f667-o1\" method=\"post\" class=\"wpcf7-form init\" aria-label=\"Kontaktformular\" novalidate=\"novalidate\" data-status=\"init\">\n<fieldset class=\"hidden-fields-container\"><input type=\"hidden\" name=\"_wpcf7\" value=\"667\" \/><input type=\"hidden\" name=\"_wpcf7_version\" value=\"6.1.5\" \/><input type=\"hidden\" name=\"_wpcf7_locale\" value=\"de_DE\" \/><input type=\"hidden\" name=\"_wpcf7_unit_tag\" value=\"wpcf7-f667-o1\" \/><input type=\"hidden\" name=\"_wpcf7_container_post\" value=\"0\" \/><input type=\"hidden\" name=\"_wpcf7_posted_data_hash\" value=\"\" \/>\n<\/fieldset>\n<p><label> Name<br \/>\n<span class=\"wpcf7-form-control-wrap\" data-name=\"your-name\"><input size=\"40\" maxlength=\"400\" class=\"wpcf7-form-control wpcf7-text wpcf7-validates-as-required\" aria-required=\"true\" aria-invalid=\"false\" value=\"\" type=\"text\" name=\"your-name\" \/><\/span> <\/label>\n<\/p>\n<p><label> E-Mail-Adresse<br \/>\n<span class=\"wpcf7-form-control-wrap\" data-name=\"your-email\"><input size=\"40\" maxlength=\"400\" class=\"wpcf7-form-control wpcf7-email wpcf7-validates-as-required wpcf7-text wpcf7-validates-as-email\" aria-required=\"true\" aria-invalid=\"false\" value=\"\" type=\"email\" name=\"your-email\" \/><\/span> <\/label>\n<\/p>\n<p><label> Nachricht<br \/>\n<span class=\"wpcf7-form-control-wrap\" data-name=\"your-message\"><textarea cols=\"40\" rows=\"10\" maxlength=\"2000\" class=\"wpcf7-form-control wpcf7-textarea\" aria-invalid=\"false\" name=\"your-message\"><\/textarea><\/span> <\/label>\n<\/p>\n<p><span class=\"wpcf7-form-control-wrap\" data-name=\"ZustimmungzurDatenspeicherung\"><span class=\"wpcf7-form-control wpcf7-acceptance\"><span class=\"wpcf7-list-item\"><label><input type=\"checkbox\" name=\"ZustimmungzurDatenspeicherung\" value=\"1\" aria-invalid=\"false\" \/><span class=\"wpcf7-list-item-label\">Ich habe die <a href=\"http:\/\/kartenkontor.hamburg\/?page_id=656\">Datenschutzerkl\u00e4rung<\/a> zur Kenntnis genommen. Ich stimme zu, dass meine Angaben und Daten zur Beantwortung meiner Anfrage elektronisch erhoben und gespeichert werden. Hinweis: Sie k\u00f6nnen Ihre Einwilligung jederzeit f\u00fcr die Zukunft per E-Mail an info@kartenkontor.hamburg widerrufen.<\/span><\/label><\/span><\/span><\/span>\n<\/p>\n<p><input class=\"wpcf7-form-control wpcf7-submit has-spinner\" type=\"submit\" value=\"Senden\" \/>\n<\/p><div class=\"wpcf7-response-output\" aria-hidden=\"true\"><\/div>\n<\/form>\n<\/div>\n\n","protected":false},"excerpt":{"rendered":"<p>Dies ist nur eine Kurzfassung der Seite&nbsp;\u201eKontakt\u201c.<\/p>\n","protected":false},"author":2,"featured_media":0,"parent":0,"menu_order":2,"comment_status":"closed","ping_status":"closed","template":"","meta":{"footnotes":""},"class_list":["post-10","page","type-page","status-publish","hentry"],"aioseo_notices":[],"_links":{"self":[{"href":"https:\/\/kartenkontor.hamburg\/index.php?rest_route=\/wp\/v2\/pages\/10","targetHints":{"allow":["GET"]}}],"collection":[{"href":"https:\/\/kartenkontor.hamburg\/index.php?rest_route=\/wp\/v2\/pages"}],"about":[{"href":"https:\/\/kartenkontor.hamburg\/index.php?rest_route=\/wp\/v2\/types\/page"}],"author":[{"embeddable":true,"href":"https:\/\/kartenkontor.hamburg\/index.php?rest_route=\/wp\/v2\/users\/2"}],"replies":[{"embeddable":true,"href":"https:\/\/kartenkontor.hamburg\/index.php?rest_route=%2Fwp%2Fv2%2Fcomments&post=10"}],"version-history":[{"count":42,"href":"https:\/\/kartenkontor.hamburg\/index.php?rest_route=\/wp\/v2\/pages\/10\/revisions"}],"predecessor-version":[{"id":1640,"href":"https:\/\/kartenkontor.hamburg\/index.php?rest_route=\/wp\/v2\/pages\/10\/revisions\/1640"}],"wp:attachment":[{"href":"https:\/\/kartenkontor.hamburg\/index.php?rest_route=%2Fwp%2Fv2%2Fmedia&parent=10"}],"curies":[{"name":"wp","href":"https:\/\/api.w.org\/{rel}","templated":true}]}}