{"id":2,"date":"2016-05-10T03:48:21","date_gmt":"2016-05-10T03:48:21","guid":{"rendered":"http:\/\/kartenkontor.hamburg\/?page_id=2"},"modified":"2026-04-14T11:59:37","modified_gmt":"2026-04-14T11:59:37","slug":"sample-page","status":"publish","type":"page","link":"https:\/\/kartenkontor.hamburg\/","title":{"rendered":"Kartenkontor \u2013 Pers\u00f6nliche Karten f\u00fcr besondere\u00a0Anl\u00e4sse"},"content":{"rendered":"<p style=\"text-align: left;\">Das Kartenkontor in Hamburg Eppendorf bietet seit 2017 individuelle und exklusive Druckerzeugnissen zu jedem Anlass. <span style=\"font-size: revert;\">Wir gestalten und drucken mit Liebe zum Detail alles, was euer Herz begehrt &#8211; komplett nach euren W\u00fcnschen.<\/span><\/p>\n<p>Wir beraten euch hinsichtlich Motiven, Schriften, nachhaltigen Papieren, Druckformaten, Farben und Veredelungsm\u00f6glichkeiten und machen eure W\u00fcnsche eindrucksvoll sichtbar.<\/p>\n<p>Die Karten sind inkl. Entwurfsphase und Korrekturschleifen im Regelfall schon innerhalb von zwei Wochen fertig. Es geht bei Bedarf aber auch wesentlich schneller.<\/p>\n<p>Ich bin Mitglied in der Allianz Deutscher Designer und lege gro\u00dfen Wert auf Individualit\u00e4t, die sich nicht auf KI verl\u00e4sst, sondern auf eure pers\u00f6nlichen Ideen kompetent und zielgerichtet eingeht.<\/p>\n<p>Ruft uns gern an, um einen Termin zu vereinbaren: 0151-22178029.<\/p>\n<p><!--more--><\/p>\n<p>[Best_Wordpress_Gallery id=&#8221;11&#8243; gal_title=&#8221;Startseite&#8221;]<\/p>\n","protected":false},"excerpt":{"rendered":"<p>Das Kartenkontor in Hamburg Eppendorf bietet seit 2017 individuelle und exklusive Druckerzeugnissen zu jedem Anlass. Wir gestalten und drucken mit Liebe zum Detail alles, was euer Herz begehrt &#8211; komplett nach euren W\u00fcnschen. Wir beraten euch hinsichtlich Motiven, Schriften, nachhaltigen Papieren, Druckformaten, Farben und Veredelungsm\u00f6glichkeiten und machen eure W\u00fcnsche eindrucksvoll sichtbar. Die Karten sind inkl. &hellip; <\/p>\n<p class=\"link-more\"><a href=\"https:\/\/kartenkontor.hamburg\/\" class=\"more-link\"><span class=\"screen-reader-text\">\u201eKartenkontor \u2013 Pers\u00f6nliche Karten f\u00fcr besondere\u00a0Anl\u00e4sse\u201c <\/span>weiterlesen<\/a><\/p>\n","protected":false},"author":1,"featured_media":0,"parent":0,"menu_order":0,"comment_status":"closed","ping_status":"open","template":"","meta":{"footnotes":""},"class_list":["post-2","page","type-page","status-publish","hentry"],"aioseo_notices":[],"_links":{"self":[{"href":"https:\/\/kartenkontor.hamburg\/index.php?rest_route=\/wp\/v2\/pages\/2","targetHints":{"allow":["GET"]}}],"collection":[{"href":"https:\/\/kartenkontor.hamburg\/index.php?rest_route=\/wp\/v2\/pages"}],"about":[{"href":"https:\/\/kartenkontor.hamburg\/index.php?rest_route=\/wp\/v2\/types\/page"}],"author":[{"embeddable":true,"href":"https:\/\/kartenkontor.hamburg\/index.php?rest_route=\/wp\/v2\/users\/1"}],"replies":[{"embeddable":true,"href":"https:\/\/kartenkontor.hamburg\/index.php?rest_route=%2Fwp%2Fv2%2Fcomments&post=2"}],"version-history":[{"count":75,"href":"https:\/\/kartenkontor.hamburg\/index.php?rest_route=\/wp\/v2\/pages\/2\/revisions"}],"predecessor-version":[{"id":1734,"href":"https:\/\/kartenkontor.hamburg\/index.php?rest_route=\/wp\/v2\/pages\/2\/revisions\/1734"}],"wp:attachment":[{"href":"https:\/\/kartenkontor.hamburg\/index.php?rest_route=%2Fwp%2Fv2%2Fmedia&parent=2"}],"curies":[{"name":"wp","href":"https:\/\/api.w.org\/{rel}","templated":true}]}}