{"id":224,"date":"2017-09-02T15:37:36","date_gmt":"2017-09-02T15:37:36","guid":{"rendered":"http:\/\/kartenkontor.hamburg\/?page_id=224"},"modified":"2024-02-21T23:26:10","modified_gmt":"2024-02-21T23:26:10","slug":"he-stole-my-heart-so-i-am-going-to-take-his-last-name","status":"publish","type":"page","link":"https:\/\/kartenkontor.hamburg\/?page_id=224","title":{"rendered":"Ma\u00dfgeschneiderte Hochzeitskarten"},"content":{"rendered":"<p>Das Kartenkontor bietet euch hochwertige und absolut individuelle Hochzeitskarten. In der Ladendruckerei in Hamburg Eppendorf betreut euch die Inhaberin Silke Blume pers\u00f6nlich in allen Fragen rund um eure gesamte Hochzeitspapeterie.<span class=\"Apple-converted-space\">\u00a0<\/span><\/p>\n<p>Mit viel Einf\u00fchlungsverm\u00f6gen und einer zwanzigj\u00e4hrigen Erfahrung in der Gestaltung und im Druck verwirklicht sie innerhalb kurzer Zeit absolut einmalige Einladungskarten auf Basis eurer W\u00fcnsche und der im Beratungsgespr\u00e4ch gemeinsam entwickelten Ideen.<span class=\"Apple-converted-space\">\u00a0<\/span><\/p>\n<p>Die Entwurfs- und Korrekturphasen laufen per mail. Erst nach dem Probedruck zur Feinabstimmung werden die Karten final verarbeitet.<\/p>\n<p>Da wir komplett nach Kundenwunsch arbeiten, variieren die Preise und k\u00f6nnen erst im Beratungsgespr\u00e4ch genau benannt werden.[Best_Wordpress_Gallery id=&#8221;5&#8243; gal_title=&#8221;Hochzeit&#8221;]<\/p>\n","protected":false},"excerpt":{"rendered":"<p>Das Kartenkontor bietet euch hochwertige und absolut individuelle Hochzeitskarten. In der Ladendruckerei in Hamburg Eppendorf betreut euch die Inhaberin Silke Blume pers\u00f6nlich in allen Fragen rund um eure gesamte Hochzeitspapeterie.\u00a0 Mit viel Einf\u00fchlungsverm\u00f6gen und einer zwanzigj\u00e4hrigen Erfahrung in der Gestaltung und im Druck verwirklicht sie innerhalb kurzer Zeit absolut einmalige Einladungskarten auf Basis eurer W\u00fcnsche &hellip; <\/p>\n<p class=\"link-more\"><a href=\"https:\/\/kartenkontor.hamburg\/?page_id=224\" class=\"more-link\"><span class=\"screen-reader-text\">\u201eMa\u00dfgeschneiderte Hochzeitskarten\u201c <\/span>weiterlesen<\/a><\/p>\n","protected":false},"author":1,"featured_media":0,"parent":0,"menu_order":0,"comment_status":"closed","ping_status":"closed","template":"","meta":{"footnotes":""},"class_list":["post-224","page","type-page","status-publish","hentry"],"aioseo_notices":[],"_links":{"self":[{"href":"https:\/\/kartenkontor.hamburg\/index.php?rest_route=\/wp\/v2\/pages\/224","targetHints":{"allow":["GET"]}}],"collection":[{"href":"https:\/\/kartenkontor.hamburg\/index.php?rest_route=\/wp\/v2\/pages"}],"about":[{"href":"https:\/\/kartenkontor.hamburg\/index.php?rest_route=\/wp\/v2\/types\/page"}],"author":[{"embeddable":true,"href":"https:\/\/kartenkontor.hamburg\/index.php?rest_route=\/wp\/v2\/users\/1"}],"replies":[{"embeddable":true,"href":"https:\/\/kartenkontor.hamburg\/index.php?rest_route=%2Fwp%2Fv2%2Fcomments&post=224"}],"version-history":[{"count":17,"href":"https:\/\/kartenkontor.hamburg\/index.php?rest_route=\/wp\/v2\/pages\/224\/revisions"}],"predecessor-version":[{"id":1627,"href":"https:\/\/kartenkontor.hamburg\/index.php?rest_route=\/wp\/v2\/pages\/224\/revisions\/1627"}],"wp:attachment":[{"href":"https:\/\/kartenkontor.hamburg\/index.php?rest_route=%2Fwp%2Fv2%2Fmedia&parent=224"}],"curies":[{"name":"wp","href":"https:\/\/api.w.org\/{rel}","templated":true}]}}