{"id":230,"date":"2017-09-02T15:37:36","date_gmt":"2017-09-02T15:37:36","guid":{"rendered":"http:\/\/kartenkontor.hamburg\/?page_id=230"},"modified":"2017-09-09T14:20:02","modified_gmt":"2017-09-09T14:20:02","slug":"sonstiges","status":"publish","type":"page","link":"https:\/\/kartenkontor.hamburg\/?page_id=230","title":{"rendered":"Sonstiges"},"content":{"rendered":"<p>Alles, was ihr hier NICHT findet, l\u00e4sst sich trotzdem realisieren!<\/p>\n<p>Auch wenn ihr meint, es sei nur eine kleine Idee, k\u00f6nnen wir euch helfen, etwas Einzigartiges damit zu realisieren.<\/p>\n<p>F\u00fcr eure Einladungen zu einem besonderen Geburtstag, einem Jubil\u00e4um, einer goldenen Hochzeit oder einer Weihnachtskarte starten wir gern unter dem Motto:<\/p>\n<p><em><strong>Think out of the box!<\/strong><\/em><\/p>\n<p>Wir sind f\u00fcr alle neuen Ideen nicht nur aufgeschlossen, sondern freuen uns, f\u00fcr euch etwas ganz Neues zu entwerfen. Fordert uns heraus!<\/p>\n<p>Eine unserer Spezialit\u00e4ten ist \u00fcbrigens die Gestaltung von Karten mit maritimem Touch. Wir lieben die Seefahrt, den Wind und das Meer! Die Farben der See und die Ankunft im Hafen. Wir navigieren f\u00fcr euch mit Hingabe auf See-Karten. Lasst euch \u00fcberraschen!<\/p>\n<p>[Best_Wordpress_Gallery id=&#8221;9&#8243; gal_title=&#8221;Sonstiges&#8221;]<\/p>\n","protected":false},"excerpt":{"rendered":"<p>Alles, was ihr hier NICHT findet, l\u00e4sst sich trotzdem realisieren! Auch wenn ihr meint, es sei nur eine kleine Idee, k\u00f6nnen wir euch helfen, etwas Einzigartiges damit zu realisieren. F\u00fcr eure Einladungen zu einem besonderen Geburtstag, einem Jubil\u00e4um, einer goldenen Hochzeit oder einer Weihnachtskarte starten wir gern unter dem Motto: Think out of the box! &hellip; <\/p>\n<p class=\"link-more\"><a href=\"https:\/\/kartenkontor.hamburg\/?page_id=230\" class=\"more-link\"><span class=\"screen-reader-text\">\u201eSonstiges\u201c <\/span>weiterlesen<\/a><\/p>\n","protected":false},"author":1,"featured_media":0,"parent":0,"menu_order":0,"comment_status":"closed","ping_status":"closed","template":"","meta":{"footnotes":""},"class_list":["post-230","page","type-page","status-publish","hentry"],"aioseo_notices":[],"_links":{"self":[{"href":"https:\/\/kartenkontor.hamburg\/index.php?rest_route=\/wp\/v2\/pages\/230","targetHints":{"allow":["GET"]}}],"collection":[{"href":"https:\/\/kartenkontor.hamburg\/index.php?rest_route=\/wp\/v2\/pages"}],"about":[{"href":"https:\/\/kartenkontor.hamburg\/index.php?rest_route=\/wp\/v2\/types\/page"}],"author":[{"embeddable":true,"href":"https:\/\/kartenkontor.hamburg\/index.php?rest_route=\/wp\/v2\/users\/1"}],"replies":[{"embeddable":true,"href":"https:\/\/kartenkontor.hamburg\/index.php?rest_route=%2Fwp%2Fv2%2Fcomments&post=230"}],"version-history":[{"count":5,"href":"https:\/\/kartenkontor.hamburg\/index.php?rest_route=\/wp\/v2\/pages\/230\/revisions"}],"predecessor-version":[{"id":419,"href":"https:\/\/kartenkontor.hamburg\/index.php?rest_route=\/wp\/v2\/pages\/230\/revisions\/419"}],"wp:attachment":[{"href":"https:\/\/kartenkontor.hamburg\/index.php?rest_route=%2Fwp%2Fv2%2Fmedia&parent=230"}],"curies":[{"name":"wp","href":"https:\/\/api.w.org\/{rel}","templated":true}]}}