{"id":349,"date":"2017-09-03T13:30:10","date_gmt":"2017-09-03T13:30:10","guid":{"rendered":"http:\/\/kartenkontor.hamburg\/?page_id=349"},"modified":"2017-09-09T14:00:21","modified_gmt":"2017-09-09T14:00:21","slug":"digitaldruck","status":"publish","type":"page","link":"https:\/\/kartenkontor.hamburg\/?page_id=349","title":{"rendered":"Digitaldruck &#8211; Die bunte Vielfalt"},"content":{"rendered":"<p>Im Digitaldruck ist fast alles m\u00f6glich, was vielfarbig ist. Schattierungen und Verl\u00e4ufe sind unproblematisch. Einschr\u00e4nkungen gibt es \u2013 wie bei den anderen Druckverfahren allerdings auch \u2013 bei der Wahl des Papiers. Unser Sortiment an kompatiblen Kartons ist so umfassend, dass ihr von glatt-weissem \u00fcber farbigen Karton bis hinzu strukturiertem Naturkarton ausw\u00e4hlen k\u00f6nnt.<\/p>\n","protected":false},"excerpt":{"rendered":"<p>Im Digitaldruck ist fast alles m\u00f6glich, was vielfarbig ist. Schattierungen und Verl\u00e4ufe sind unproblematisch. Einschr\u00e4nkungen gibt es \u2013 wie bei den anderen Druckverfahren allerdings auch \u2013 bei der Wahl des Papiers. Unser Sortiment an kompatiblen Kartons ist so umfassend, dass ihr von glatt-weissem \u00fcber farbigen Karton bis hinzu strukturiertem Naturkarton ausw\u00e4hlen k\u00f6nnt.<\/p>\n","protected":false},"author":1,"featured_media":0,"parent":0,"menu_order":0,"comment_status":"closed","ping_status":"closed","template":"","meta":{"footnotes":""},"class_list":["post-349","page","type-page","status-publish","hentry"],"aioseo_notices":[],"_links":{"self":[{"href":"https:\/\/kartenkontor.hamburg\/index.php?rest_route=\/wp\/v2\/pages\/349","targetHints":{"allow":["GET"]}}],"collection":[{"href":"https:\/\/kartenkontor.hamburg\/index.php?rest_route=\/wp\/v2\/pages"}],"about":[{"href":"https:\/\/kartenkontor.hamburg\/index.php?rest_route=\/wp\/v2\/types\/page"}],"author":[{"embeddable":true,"href":"https:\/\/kartenkontor.hamburg\/index.php?rest_route=\/wp\/v2\/users\/1"}],"replies":[{"embeddable":true,"href":"https:\/\/kartenkontor.hamburg\/index.php?rest_route=%2Fwp%2Fv2%2Fcomments&post=349"}],"version-history":[{"count":3,"href":"https:\/\/kartenkontor.hamburg\/index.php?rest_route=\/wp\/v2\/pages\/349\/revisions"}],"predecessor-version":[{"id":438,"href":"https:\/\/kartenkontor.hamburg\/index.php?rest_route=\/wp\/v2\/pages\/349\/revisions\/438"}],"wp:attachment":[{"href":"https:\/\/kartenkontor.hamburg\/index.php?rest_route=%2Fwp%2Fv2%2Fmedia&parent=349"}],"curies":[{"name":"wp","href":"https:\/\/api.w.org\/{rel}","templated":true}]}}