{"id":351,"date":"2017-09-03T13:29:53","date_gmt":"2017-09-03T13:29:53","guid":{"rendered":"http:\/\/kartenkontor.hamburg\/?page_id=351"},"modified":"2018-06-20T09:49:11","modified_gmt":"2018-06-20T09:49:11","slug":"blindpraegung","status":"publish","type":"page","link":"https:\/\/kartenkontor.hamburg\/?page_id=351","title":{"rendered":"Blindpr\u00e4gung &#8211; erhabene Sch\u00f6nheit"},"content":{"rendered":"<p>Blindpr\u00e4gungen kennen wir von Urkunden, Visitenkarten und besonders von der Blindenschrift Braille. Das Druckergebnis ist wie im Letterpress-Verfahren f\u00fchlbar.<\/p>\n<p>Das Klischee wird hierbei allerdings von der Unterseite auf den Karton\/das Papier aufgebracht, so dass das Motiv vorderseitig \u201eherausgedr\u00fcckt\u201c wird. Der Karton bzw. das Papier erscheint somit an einigen Stellen erhaben. Dies erzeugt wirkungsvolle Effekte durch das Spiel von Licht und Schatten.<\/p>\n<p>Eine Kombination aus Off-Set- oder Digitaldruck und Blindpr\u00e4gungen ist in vielen F\u00e4llen m\u00f6glich und im Ergebnis sehr aufwertend!<\/p>\n<p>Gern stehen wir euch f\u00fcr eine Beratung zur Seite!<br \/>\n[Best_Wordpress_Gallery id=&#8221;38&#8243; gal_title=&#8221;Blindpr\u00e4gung&#8221;]<\/p>\n","protected":false},"excerpt":{"rendered":"<p>Blindpr\u00e4gungen kennen wir von Urkunden, Visitenkarten und besonders von der Blindenschrift Braille. Das Druckergebnis ist wie im Letterpress-Verfahren f\u00fchlbar. Das Klischee wird hierbei allerdings von der Unterseite auf den Karton\/das Papier aufgebracht, so dass das Motiv vorderseitig \u201eherausgedr\u00fcckt\u201c wird. Der Karton bzw. das Papier erscheint somit an einigen Stellen erhaben. Dies erzeugt wirkungsvolle Effekte durch &hellip; <\/p>\n<p class=\"link-more\"><a href=\"https:\/\/kartenkontor.hamburg\/?page_id=351\" class=\"more-link\"><span class=\"screen-reader-text\">\u201eBlindpr\u00e4gung &#8211; erhabene Sch\u00f6nheit\u201c <\/span>weiterlesen<\/a><\/p>\n","protected":false},"author":1,"featured_media":0,"parent":0,"menu_order":0,"comment_status":"closed","ping_status":"closed","template":"","meta":{"footnotes":""},"class_list":["post-351","page","type-page","status-publish","hentry"],"aioseo_notices":[],"_links":{"self":[{"href":"https:\/\/kartenkontor.hamburg\/index.php?rest_route=\/wp\/v2\/pages\/351","targetHints":{"allow":["GET"]}}],"collection":[{"href":"https:\/\/kartenkontor.hamburg\/index.php?rest_route=\/wp\/v2\/pages"}],"about":[{"href":"https:\/\/kartenkontor.hamburg\/index.php?rest_route=\/wp\/v2\/types\/page"}],"author":[{"embeddable":true,"href":"https:\/\/kartenkontor.hamburg\/index.php?rest_route=\/wp\/v2\/users\/1"}],"replies":[{"embeddable":true,"href":"https:\/\/kartenkontor.hamburg\/index.php?rest_route=%2Fwp%2Fv2%2Fcomments&post=351"}],"version-history":[{"count":5,"href":"https:\/\/kartenkontor.hamburg\/index.php?rest_route=\/wp\/v2\/pages\/351\/revisions"}],"predecessor-version":[{"id":713,"href":"https:\/\/kartenkontor.hamburg\/index.php?rest_route=\/wp\/v2\/pages\/351\/revisions\/713"}],"wp:attachment":[{"href":"https:\/\/kartenkontor.hamburg\/index.php?rest_route=%2Fwp%2Fv2%2Fmedia&parent=351"}],"curies":[{"name":"wp","href":"https:\/\/api.w.org\/{rel}","templated":true}]}}