{"id":353,"date":"2017-09-03T13:28:54","date_gmt":"2017-09-03T13:28:54","guid":{"rendered":"http:\/\/kartenkontor.hamburg\/?page_id=353"},"modified":"2017-09-09T14:05:10","modified_gmt":"2017-09-09T14:05:10","slug":"heissfolienpraegung","status":"publish","type":"page","link":"https:\/\/kartenkontor.hamburg\/?page_id=353","title":{"rendered":"Hei\u00dffolienpr\u00e4gung &#8211; gl\u00e4nzende Akzente"},"content":{"rendered":"<p>Eine sprichw\u00f6rtlich gl\u00e4nzende Variante, Drucksachen dekorativ aufzuwerten, ist die Hei\u00dffolienpr\u00e4gung.<\/p>\n<p>Hier wird die Beschichtung einer Folie (z. B. Metallic-Farben) durch Druck und Hitze auf das Papier bzw. den Karton \u00fcbertragen. Das Ergebnis kann nach Wunsch erhaben oder vertieft auf dem Karton zur Geltung kommen.<\/p>\n<p>Hei\u00dffolienpr\u00e4gung kann allein oder in Erg\u00e4nzung zu anderen Druckverfahren eingesetzt werden.<\/p>\n<p>[Best_Wordpress_Gallery id=&#8221;10&#8243; gal_title=&#8221;Hei\u00dffolienpr\u00e4gung&#8221;]<\/p>\n","protected":false},"excerpt":{"rendered":"<p>Eine sprichw\u00f6rtlich gl\u00e4nzende Variante, Drucksachen dekorativ aufzuwerten, ist die Hei\u00dffolienpr\u00e4gung. Hier wird die Beschichtung einer Folie (z. B. Metallic-Farben) durch Druck und Hitze auf das Papier bzw. den Karton \u00fcbertragen. Das Ergebnis kann nach Wunsch erhaben oder vertieft auf dem Karton zur Geltung kommen. Hei\u00dffolienpr\u00e4gung kann allein oder in Erg\u00e4nzung zu anderen Druckverfahren eingesetzt werden. &hellip; <\/p>\n<p class=\"link-more\"><a href=\"https:\/\/kartenkontor.hamburg\/?page_id=353\" class=\"more-link\"><span class=\"screen-reader-text\">\u201eHei\u00dffolienpr\u00e4gung &#8211; gl\u00e4nzende Akzente\u201c <\/span>weiterlesen<\/a><\/p>\n","protected":false},"author":1,"featured_media":0,"parent":0,"menu_order":0,"comment_status":"closed","ping_status":"closed","template":"","meta":{"footnotes":""},"class_list":["post-353","page","type-page","status-publish","hentry"],"aioseo_notices":[],"_links":{"self":[{"href":"https:\/\/kartenkontor.hamburg\/index.php?rest_route=\/wp\/v2\/pages\/353","targetHints":{"allow":["GET"]}}],"collection":[{"href":"https:\/\/kartenkontor.hamburg\/index.php?rest_route=\/wp\/v2\/pages"}],"about":[{"href":"https:\/\/kartenkontor.hamburg\/index.php?rest_route=\/wp\/v2\/types\/page"}],"author":[{"embeddable":true,"href":"https:\/\/kartenkontor.hamburg\/index.php?rest_route=\/wp\/v2\/users\/1"}],"replies":[{"embeddable":true,"href":"https:\/\/kartenkontor.hamburg\/index.php?rest_route=%2Fwp%2Fv2%2Fcomments&post=353"}],"version-history":[{"count":3,"href":"https:\/\/kartenkontor.hamburg\/index.php?rest_route=\/wp\/v2\/pages\/353\/revisions"}],"predecessor-version":[{"id":432,"href":"https:\/\/kartenkontor.hamburg\/index.php?rest_route=\/wp\/v2\/pages\/353\/revisions\/432"}],"wp:attachment":[{"href":"https:\/\/kartenkontor.hamburg\/index.php?rest_route=%2Fwp%2Fv2%2Fmedia&parent=353"}],"curies":[{"name":"wp","href":"https:\/\/api.w.org\/{rel}","templated":true}]}}