{"id":656,"date":"2018-05-22T09:35:32","date_gmt":"2018-05-22T09:35:32","guid":{"rendered":"http:\/\/kartenkontor.hamburg\/?page_id=656"},"modified":"2022-10-17T15:08:45","modified_gmt":"2022-10-17T15:08:45","slug":"datenschutzinformationen","status":"publish","type":"page","link":"https:\/\/kartenkontor.hamburg\/?page_id=656","title":{"rendered":"Datenschutzerkl\u00e4rung"},"content":{"rendered":"<p><b>Datenschutzerkl\u00e4rung<\/b><\/p>\n<p>In diesen Datenschutzbestimmungen stellen unsere Vorgehensweise bez\u00fcglich der von Benutzern erfassten Daten, die auf unsere Webseite unter kartenkontor.hamburg (\u201e Webseite \u201c) zugreifen oder uns auf andere Weise personenbezogene Daten bereitstellen (gemeinsam: \u201e Benutzer \u201c), dar.<\/p>\n<p><b>Datenverarbeitung<br \/>\n<\/b>Wir erfassen anonyme Benutzerdaten, die durch die Nutzung der Webseite bereitgestellt oder erfasst werden und die f\u00fcr die Bereitstellung dieser Webseite erforderlich sind. Wir kennen die Identit\u00e4t des Benutzers nicht, von dem nicht personenbezogene Daten erfasst wurden.<\/p>\n<p><b>Datenverarbeitung<br \/>\n<\/b>Wir erfassen anonyme Benutzerdaten, die durch die Nutzung der Webseite bereitgestellt oder erfasst werden und die f\u00fcr die Bereitstellung dieser Webseite erforderlich sind. Wir kennen die Identit\u00e4t des Benutzers nicht, von dem nicht personenbezogene Daten erfasst wurden.<\/p>\n<p>Zu den Daten geh\u00f6ren Informationen \u00fcber ihren Computer, die f\u00fcr die Darstellung der Webseite ben\u00f6tigt werden. Diese Daten k\u00f6nnen nicht zu Ihnen oder Ihrem Computer zur\u00fcckverfolgt werden.<\/p>\n<p>Wir erfassen zudem Logdaten zur Sicherheit der Webseite<\/p>\n<p>In den Serverstatistiken werden automatisch solche Daten gespeichert, die der Browser an uns \u00fcbermittelt im Rahmen unseres berechtigten Interesses der Analyse und aus Sicherheitsgr\u00fcnden (sogenannte \u201elogfiles\u201c).<\/p>\n<p>Dies sind im Einzelnen folgende Daten:<\/p>\n<p>\u201c Sprache und Version der Browsersoftware<\/p>\n<p>\u201c verwendetes Betriebssystem und dessen Oberfl\u00e4che<\/p>\n<p>\u201c Referrer URL (die zuvor besuchte Seite)<\/p>\n<p>\u201c Hostname des zugreifenden Rechners (IP- Adresse)<\/p>\n<p>\u201c Datum und Uhrzeit der Serveranfrage<\/p>\n<p>\u201c Zeitzonendifferenz zur Greenwich Mean Time (GMT)<\/p>\n<p>\u201c Inhalt der Anforderung (konkrete Seite)<\/p>\n<p>\u201c \u00fcbertragene Datenmenge<\/p>\n<p>\u201c Zugriffsstatus\/ HTTP- Statuscode.<\/p>\n<p>Diese Daten k\u00f6nnen wir in der Regel nicht bestimmten Personen zuordnen. Eine Zusammenf\u00fchrung dieser Daten mit anderen Datenquellen wird nicht vorgenommen. Die Daten werden zudem nach einer statistischen Auswertung innerhalb von 7 Tagen gel\u00f6scht. Daten, deren weitere Aufbewahrung zu Beweiszwecken erforderlich ist, sind bis zur endg\u00fcltigen Kl\u00e4rung des jeweiligen Vorfalls von der L\u00f6schung ausgenommen.<\/p>\n<p><b>Speicherung<br \/>\n<\/b>Wir speichern Ihre personenbezogenen Daten so lange, wie es f\u00fcr die Bereitstellung unserer Services erforderlich ist. Sie werden nach der Nutzung der Webseite gel\u00f6scht.<\/p>\n<p><b>Kontakt mit uns<\/b><\/p>\n<p>Wenn Sie per Formular auf der Website oder per E-Mail Kontakt mit uns aufnehmen, werden Ihre angegebenen Daten zwecks Bearbeitung der Anfrage und f\u00fcr den Fall von Anschlussfragen sechs Monate bei uns gespeichert. Diese Daten geben wir nicht ohne Ihre Einwilligung weiter.<\/p>\n<p><b>Benutzerrechte<br \/>\n<\/b>Sie haben folgende Rechte:<\/p>\n<p>1. Eine Best\u00e4tigung, ob und inwieweit Ihre personenbezogenen Daten verwendet und verarbeitet werden, sowie den Zugriff auf die \u00fcber Sie gespeicherten personenbezogenen Daten und zus\u00e4tzliche Informationen anfordern<\/p>\n<p>2. Eine Kopie der personenbezogenen Daten, die Sie uns freiwillig bereitgestellt haben, in einem strukturierten, g\u00e4ngigen und maschinenlesbaren Format anfordern<\/p>\n<p>3. Eine Berichtigung der personenbezogenen Daten, die wir von Ihnen gespeichert haben, anfordern<\/p>\n<p>4. Das L\u00f6schen Ihrer personenbezogenen Daten beantragen<\/p>\n<p>5. Der Verarbeitung Ihrer personenbezogenen Daten durch uns widersprechen<\/p>\n<p>6. Die Einschr\u00e4nkung der Verarbeitung Ihrer personenbezogenen Daten durch uns beantragen<\/p>\n<p>7. Eine Beschwerde bei einer Aufsichtsbeh\u00f6rde einreichen<\/p>\n<p>Beachten Sie jedoch, dass diese Rechte nicht uneingeschr\u00e4nkt gelten, sondern unseren eigenen rechtm\u00e4\u00dfigen Interessen sowie beh\u00f6rdlichen Vorschriften unterliegen.<\/p>\n<p>Wenn Sie eines der hier aufgef\u00fchrten Rechte in Anspruch nehmen m\u00f6chten oder weitere Informationen w\u00fcnschen, wenden Sie sich an:<\/p>\n<p>Silke Blume<\/p>\n<p><a href=\"x-apple-data-detectors:\/\/embedded-result\/3738\">Ludolfstr. 42<\/a><\/p>\n<p><a href=\"x-apple-data-detectors:\/\/embedded-result\/3738\">20249 Hamburg<\/a><\/p>\n<p>E-Mail: info(at)kartenkontor.hamburg<\/p>\n<p><b>Zust\u00e4ndige Aufsichtsbeh\u00f6rde<br \/>\n<\/b>Die zust\u00e4ndige Aufsichtsbeh\u00f6rde bei Beschwerden ist die<\/p>\n<p>Der Hamburgische Beauftragte f\u00fcr Datenschutz und Informationsfreiheit<\/p>\n<p><a href=\"x-apple-data-detectors:\/\/embedded-result\/3960\">Ludwig-Erhard-Str 22<\/a>, 7. OG<\/p>\n<p>20459 Hamburg<\/p>\n<p>Telefon: (040) 428 54 &#8211; 4040<\/p>\n<p>E-Mail: mailbox(at)datenschutz.hamburg.de<\/p>\n<p><b>Verantwortliche<br \/>\n<\/b>Silke Blume<\/p>\n<p><a href=\"x-apple-data-detectors:\/\/embedded-result\/4102\">Ludolfstr. 42<\/a><\/p>\n<p><a href=\"x-apple-data-detectors:\/\/embedded-result\/4102\">20249 Hamburg<\/a><\/p>\n<p>E-Mail: info(at)kartenkontor.hamburg<\/p>\n","protected":false},"excerpt":{"rendered":"<p>Datenschutzerkl\u00e4rung In diesen Datenschutzbestimmungen stellen unsere Vorgehensweise bez\u00fcglich der von Benutzern erfassten Daten, die auf unsere Webseite unter kartenkontor.hamburg (\u201e Webseite \u201c) zugreifen oder uns auf andere Weise personenbezogene Daten bereitstellen (gemeinsam: \u201e Benutzer \u201c), dar. Datenverarbeitung Wir erfassen anonyme Benutzerdaten, die durch die Nutzung der Webseite bereitgestellt oder erfasst werden und die f\u00fcr die &hellip; <\/p>\n<p class=\"link-more\"><a href=\"https:\/\/kartenkontor.hamburg\/?page_id=656\" class=\"more-link\"><span class=\"screen-reader-text\">\u201eDatenschutzerkl\u00e4rung\u201c <\/span>weiterlesen<\/a><\/p>\n","protected":false},"author":1,"featured_media":0,"parent":0,"menu_order":0,"comment_status":"closed","ping_status":"closed","template":"","meta":{"footnotes":""},"class_list":["post-656","page","type-page","status-publish","hentry"],"aioseo_notices":[],"_links":{"self":[{"href":"https:\/\/kartenkontor.hamburg\/index.php?rest_route=\/wp\/v2\/pages\/656","targetHints":{"allow":["GET"]}}],"collection":[{"href":"https:\/\/kartenkontor.hamburg\/index.php?rest_route=\/wp\/v2\/pages"}],"about":[{"href":"https:\/\/kartenkontor.hamburg\/index.php?rest_route=\/wp\/v2\/types\/page"}],"author":[{"embeddable":true,"href":"https:\/\/kartenkontor.hamburg\/index.php?rest_route=\/wp\/v2\/users\/1"}],"replies":[{"embeddable":true,"href":"https:\/\/kartenkontor.hamburg\/index.php?rest_route=%2Fwp%2Fv2%2Fcomments&post=656"}],"version-history":[{"count":7,"href":"https:\/\/kartenkontor.hamburg\/index.php?rest_route=\/wp\/v2\/pages\/656\/revisions"}],"predecessor-version":[{"id":1456,"href":"https:\/\/kartenkontor.hamburg\/index.php?rest_route=\/wp\/v2\/pages\/656\/revisions\/1456"}],"wp:attachment":[{"href":"https:\/\/kartenkontor.hamburg\/index.php?rest_route=%2Fwp%2Fv2%2Fmedia&parent=656"}],"curies":[{"name":"wp","href":"https:\/\/api.w.org\/{rel}","templated":true}]}}