{"id":79,"date":"2017-08-12T14:42:43","date_gmt":"2017-08-12T12:42:43","guid":{"rendered":"https:\/\/testkontor2.wordpress.com\/?page_id=79"},"modified":"2024-01-25T18:21:15","modified_gmt":"2024-01-25T18:21:15","slug":"ueber-uns","status":"publish","type":"page","link":"https:\/\/kartenkontor.hamburg\/?page_id=79","title":{"rendered":"\u00dcber mich"},"content":{"rendered":"<p>Als gelernte Grafikdesignerin liebe ich es, sch\u00f6ne Karten zu entwerfen.<\/p>\n<p>Neue Ideen zu entwickeln und etwas Einmaliges f\u00fcr Euch zu gestalten und zu drucken, ist mein vorrangiges Anliegen und \u2013 kurz gesagt \u2013 meine Leistungsbeschreibung.<\/p>\n<p><a href=\"http:\/\/kartenkontor.hamburg\/?page_id=224\">Hochzeitskarten<\/a>, <a href=\"http:\/\/kartenkontor.hamburg\/?page_id=225\">Geburtstagskarten<\/a>, Einladungskarten aller Art sowie <a href=\"http:\/\/kartenkontor.hamburg\/?page_id=226\">Visitenkarten<\/a> und Gesch\u00e4ftspapiere entwerfe ich seit \u00fcber 20 Jahren. Es macht mich gl\u00fccklich, wenn diese Karten andere erreichen und ber\u00fchren.<\/p>\n<p>Ich gehe ganz pers\u00f6nlich auf Eure W\u00fcnsche ein und bin erst dann zufrieden, wenn Ihr es seid.<\/p>\n<p>Im Prozess bin ich nahezu jederzeit f\u00fcr Euch mobil oder per Mail erreichbar.<\/p>\n<p>[Best_Wordpress_Gallery id=&#8221;15&#8243; gal_title=&#8221;\u00dcber uns&#8221;]<\/p>\n","protected":false},"excerpt":{"rendered":"<p>Als gelernte Grafikdesignerin liebe ich es, sch\u00f6ne Karten zu entwerfen. Neue Ideen zu entwickeln und etwas Einmaliges f\u00fcr Euch zu gestalten und zu drucken, ist mein vorrangiges Anliegen und \u2013 kurz gesagt \u2013 meine Leistungsbeschreibung. Hochzeitskarten, Geburtstagskarten, Einladungskarten aller Art sowie Visitenkarten und Gesch\u00e4ftspapiere entwerfe ich seit \u00fcber 20 Jahren. Es macht mich gl\u00fccklich, wenn &hellip; <\/p>\n<p class=\"link-more\"><a href=\"https:\/\/kartenkontor.hamburg\/?page_id=79\" class=\"more-link\"><span class=\"screen-reader-text\">\u201e\u00dcber mich\u201c <\/span>weiterlesen<\/a><\/p>\n","protected":false},"author":2,"featured_media":0,"parent":0,"menu_order":0,"comment_status":"closed","ping_status":"closed","template":"","meta":{"footnotes":""},"class_list":["post-79","page","type-page","status-publish","hentry"],"aioseo_notices":[],"_links":{"self":[{"href":"https:\/\/kartenkontor.hamburg\/index.php?rest_route=\/wp\/v2\/pages\/79","targetHints":{"allow":["GET"]}}],"collection":[{"href":"https:\/\/kartenkontor.hamburg\/index.php?rest_route=\/wp\/v2\/pages"}],"about":[{"href":"https:\/\/kartenkontor.hamburg\/index.php?rest_route=\/wp\/v2\/types\/page"}],"author":[{"embeddable":true,"href":"https:\/\/kartenkontor.hamburg\/index.php?rest_route=\/wp\/v2\/users\/2"}],"replies":[{"embeddable":true,"href":"https:\/\/kartenkontor.hamburg\/index.php?rest_route=%2Fwp%2Fv2%2Fcomments&post=79"}],"version-history":[{"count":9,"href":"https:\/\/kartenkontor.hamburg\/index.php?rest_route=\/wp\/v2\/pages\/79\/revisions"}],"predecessor-version":[{"id":1607,"href":"https:\/\/kartenkontor.hamburg\/index.php?rest_route=\/wp\/v2\/pages\/79\/revisions\/1607"}],"wp:attachment":[{"href":"https:\/\/kartenkontor.hamburg\/index.php?rest_route=%2Fwp%2Fv2%2Fmedia&parent=79"}],"curies":[{"name":"wp","href":"https:\/\/api.w.org\/{rel}","templated":true}]}}