{"id":82,"date":"2017-08-12T14:45:34","date_gmt":"2017-08-12T12:45:34","guid":{"rendered":"https:\/\/testkontor2.wordpress.com\/?page_id=82"},"modified":"2017-12-09T16:23:28","modified_gmt":"2017-12-09T16:23:28","slug":"portfolio-leistungen","status":"publish","type":"page","link":"https:\/\/kartenkontor.hamburg\/?page_id=82","title":{"rendered":"Portfolio"},"content":{"rendered":"<p>Wir entwerfen nach euren W\u00fcnschen und drucken mit dem besten Ergebnis:<\/p>\n<p><a href=\"http:\/\/kartenkontor.hamburg\/?page_id=224\">Hochzeitskarten<\/a> und alles was dazu geh\u00f6rt, <a href=\"http:\/\/kartenkontor.hamburg\/?page_id=225\">Geburtstagskarten<\/a>, Einladungskarten aller Art, <a href=\"http:\/\/kartenkontor.hamburg\/?page_id=226\">Visitenkarten<\/a> und Gesch\u00e4ftspapiere, Weihnachtskarten f\u00fcr Unternehmen und f\u00fcr den privaten Gru\u00df, Karten zum Abschied und solche Karten, die wir noch erfinden. Gern gestalten wir auch Bierdeckel, Tischsets oder Servietten, Etiketten f\u00fcr den besonderen Wein oder Anh\u00e4nger f\u00fcr Gastgeschenke.<\/p>\n<p>Es macht uns gl\u00fccklich, wenn unsere Dienstleistung f\u00fcr euch andere Menschen erreicht und ber\u00fchrt.<\/p>\n<p>Einen kleinen Auszug aus unserem Sortiment findet ihr in den jeweiligen Galerien.<\/p>\n<p>&nbsp;<\/p>\n","protected":false},"excerpt":{"rendered":"<p>Wir entwerfen nach euren W\u00fcnschen und drucken mit dem besten Ergebnis: Hochzeitskarten und alles was dazu geh\u00f6rt, Geburtstagskarten, Einladungskarten aller Art, Visitenkarten und Gesch\u00e4ftspapiere, Weihnachtskarten f\u00fcr Unternehmen und f\u00fcr den privaten Gru\u00df, Karten zum Abschied und solche Karten, die wir noch erfinden. Gern gestalten wir auch Bierdeckel, Tischsets oder Servietten, Etiketten f\u00fcr den besonderen Wein &hellip; <\/p>\n<p class=\"link-more\"><a href=\"https:\/\/kartenkontor.hamburg\/?page_id=82\" class=\"more-link\"><span class=\"screen-reader-text\">\u201ePortfolio\u201c <\/span>weiterlesen<\/a><\/p>\n","protected":false},"author":2,"featured_media":0,"parent":0,"menu_order":0,"comment_status":"closed","ping_status":"closed","template":"","meta":{"footnotes":""},"class_list":["post-82","page","type-page","status-publish","hentry"],"aioseo_notices":[],"_links":{"self":[{"href":"https:\/\/kartenkontor.hamburg\/index.php?rest_route=\/wp\/v2\/pages\/82","targetHints":{"allow":["GET"]}}],"collection":[{"href":"https:\/\/kartenkontor.hamburg\/index.php?rest_route=\/wp\/v2\/pages"}],"about":[{"href":"https:\/\/kartenkontor.hamburg\/index.php?rest_route=\/wp\/v2\/types\/page"}],"author":[{"embeddable":true,"href":"https:\/\/kartenkontor.hamburg\/index.php?rest_route=\/wp\/v2\/users\/2"}],"replies":[{"embeddable":true,"href":"https:\/\/kartenkontor.hamburg\/index.php?rest_route=%2Fwp%2Fv2%2Fcomments&post=82"}],"version-history":[{"count":8,"href":"https:\/\/kartenkontor.hamburg\/index.php?rest_route=\/wp\/v2\/pages\/82\/revisions"}],"predecessor-version":[{"id":573,"href":"https:\/\/kartenkontor.hamburg\/index.php?rest_route=\/wp\/v2\/pages\/82\/revisions\/573"}],"wp:attachment":[{"href":"https:\/\/kartenkontor.hamburg\/index.php?rest_route=%2Fwp%2Fv2%2Fmedia&parent=82"}],"curies":[{"name":"wp","href":"https:\/\/api.w.org\/{rel}","templated":true}]}}